{"id":3,"date":"2025-09-24T19:47:41","date_gmt":"2025-09-24T17:47:41","guid":{"rendered":"https:\/\/x-gym.eu\/?page_id=3"},"modified":"2025-10-17T12:57:14","modified_gmt":"2025-10-17T10:57:14","slug":"polityka-prywatnosci","status":"publish","type":"page","link":"https:\/\/x-gym.eu\/pl\/polityka-prywatnosci\/","title":{"rendered":"Polityka prywatno\u015bci"},"content":{"rendered":"\t\t<div data-elementor-type=\"wp-page\" data-elementor-id=\"3\" class=\"elementor elementor-3\" data-elementor-post-type=\"page\">\n\t\t\t\t<div class=\"elementor-element elementor-element-e4840b2 e-flex e-con-boxed e-con e-parent\" data-id=\"e4840b2\" data-element_type=\"container\" data-e-type=\"container\" data-settings=\"{&quot;jet_parallax_layout_list&quot;:[]}\">\n\t\t\t\t\t<div class=\"e-con-inner\">\n\t\t\t\t<div class=\"elementor-element elementor-element-44f3335 elementor-widget elementor-widget-heading\" data-id=\"44f3335\" data-element_type=\"widget\" data-e-type=\"widget\" data-widget_type=\"heading.default\">\n\t\t\t\t\t<h1 class=\"elementor-heading-title elementor-size-default\">Polityka prywatno\u015bci<\/h1>\t\t\t\t<\/div>\n\t\t\t\t<div class=\"elementor-element elementor-element-68f02f5 elementor-widget elementor-widget-text-editor\" data-id=\"68f02f5\" data-element_type=\"widget\" data-e-type=\"widget\" data-widget_type=\"text-editor.default\">\n\t\t\t\t\t\t\t\t\t<p><strong>Data wej\u015bcia w \u017cycie:<\/strong>\u00a017.10.2025<br \/><strong>Administrator danych:<\/strong>\u00a04STB Sp. z o.o.<br \/>ul. Energetyk\u00f3w 2, 65-729 Zielona G\u00f3ra<br \/>KRS: 0000937662, NIP: 9731077472, REGON: 520653198<br \/>e-mail:\u00a0<strong><a href=\"&#x6d;&#97;i&#x6c;&#116;o&#x3a;&#98;i&#x75;&#114;o&#x40;&#120;-&#x67;&#x79;m&#x2e;&#x65;&#117;\" target=\"_blank\" rel=\"noopener\">&#x62;&#105;&#x75;&#x72;&#111;&#x40;&#x78;&#45;&#x67;&#x79;&#109;&#x2e;&#x65;u<\/a><\/strong><\/p><h2>1. Informacje og\u00f3lne<\/h2><p>Niniejsza Polityka prywatno\u015bci okre\u015bla zasady przetwarzania danych osobowych u\u017cytkownik\u00f3w strony\u00a0<strong><a href=\"http:\/\/www.x-gym.eu\/\" target=\"_blank\" rel=\"noopener\" data-saferedirecturl=\"https:\/\/www.google.com\/url?q=http:\/\/www.x-gym.eu&amp;source=gmail&amp;ust=1760778470840000&amp;usg=AOvVaw1dKPb3zuTMabBKOfSj7umL\">www.x-gym.eu<\/a><\/strong> (dalej: \u201eSerwis\u201d). Administrator przyk\u0142ada szczeg\u00f3ln\u0105 wag\u0119 do ochrony prywatno\u015bci u\u017cytkownik\u00f3w i bezpiecze\u0144stwa przetwarzanych danych osobowych zgodnie z Rozporz\u0105dzeniem Parlamentu Europejskiego i Rady (UE) 2016\/679 (RODO).<\/p><h2>2. Zakres przetwarzanych danych<\/h2><p>Administrator mo\u017ce przetwarza\u0107 nast\u0119puj\u0105ce dane:<\/p><ul><li>imi\u0119, nazwisko, adres e-mail, numer telefonu \u2013 w przypadku kontaktu przez formularz lub e-mail,<\/li><li>dane dotycz\u0105ce firmy (nazwa, NIP, adres) \u2013 w przypadku zapyta\u0144 B2B,<\/li><li>dane techniczne (adres IP, typ przegl\u0105darki, pliki cookies, dane analityczne) \u2013 w celu prawid\u0142owego dzia\u0142ania Serwisu i statystyk odwiedzin.<\/li><\/ul><h2>3. Cele i podstawy przetwarzania<\/h2><p>Dane osobowe s\u0105 przetwarzane w nast\u0119puj\u0105cych celach:<\/p><ul><li><strong>udzielenie odpowiedzi na zapytanie<\/strong>\u00a0\u2013 art. 6 ust. 1 lit. f RODO (prawnie uzasadniony interes administratora),<\/li><li><strong>przygotowanie i realizacja oferty wsp\u00f3\u0142pracy<\/strong>\u00a0\u2013 art. 6 ust. 1 lit. b RODO (niezb\u0119dno\u015b\u0107 do podj\u0119cia dzia\u0142a\u0144 przed zawarciem umowy),<\/li><li><strong>prowadzenie dzia\u0142a\u0144 marketingowych i informacyjnych<\/strong>\u00a0(newsletter, kontakt handlowy) \u2013 art. 6 ust. 1 lit. a RODO (zgoda osoby),<\/li><li><strong>statystyki i analiza ruchu na stronie (cookies, Google Analytics)<\/strong>\u00a0\u2013 art. 6 ust. 1 lit. f RODO.<\/li><\/ul><h2>4. Odbiorcy danych<\/h2><p>Dane mog\u0105 by\u0107 przekazywane podmiotom wspieraj\u0105cym obs\u0142ug\u0119 strony internetowej, hosting, systemy e-mail oraz analityk\u0119 (np. Google LLC w ramach Google Analytics). Wszystkie podmioty przetwarzaj\u0105 dane zgodnie z umow\u0105 powierzenia i wymogami RODO.<\/p><h2>5. Okres przechowywania danych<\/h2><ul><li>Dane kontaktowe \u2013 przez okres niezb\u0119dny do realizacji korespondencji lub wsp\u00f3\u0142pracy.<\/li><li>Dane marketingowe \u2013 do czasu cofni\u0119cia zgody.<\/li><li>Dane techniczne (cookies) \u2013 zgodnie z ustawieniami przegl\u0105darki lub do momentu ich usuni\u0119cia przez u\u017cytkownika.<\/li><\/ul><h2>6. Prawa u\u017cytkownika<\/h2><p>U\u017cytkownik ma prawo do:<\/p><ul><li>dost\u0119pu do swoich danych i otrzymania ich kopii,<\/li><li>sprostowania, usuni\u0119cia lub ograniczenia przetwarzania,<\/li><li>wniesienia sprzeciwu wobec przetwarzania,<\/li><li>cofni\u0119cia zgody w dowolnym momencie,<\/li><li>wniesienia skargi do Prezesa Urz\u0119du Ochrony Danych Osobowych.<\/li><\/ul><h2>7. Pliki cookies<\/h2><p>Serwis wykorzystuje pliki cookies w celu:<\/p><ul><li>zapewnienia prawid\u0142owego dzia\u0142ania strony,<\/li><li>analizy ruchu (Google Analytics),<\/li><li>dopasowania tre\u015bci do preferencji u\u017cytkownika.<br \/>U\u017cytkownik mo\u017ce w ka\u017cdej chwili zmieni\u0107 ustawienia cookies w swojej przegl\u0105darce.<\/li><\/ul><h2>8. Bezpiecze\u0144stwo danych<\/h2><p>Administrator stosuje odpowiednie \u015brodki techniczne i organizacyjne zapewniaj\u0105ce ochron\u0119 danych przed utrat\u0105, dost\u0119pem os\u00f3b nieuprawnionych, ujawnieniem lub zniszczeniem.<\/p><h2>9. Zmiany polityki prywatno\u015bci<\/h2><p>Administrator zastrzega sobie prawo do wprowadzania zmian w Polityce prywatno\u015bci. Aktualna wersja jest zawsze dost\u0119pna na stronie\u00a0<strong><a href=\"http:\/\/www.x-gym.eu\/\" target=\"_blank\" rel=\"noopener\" data-saferedirecturl=\"https:\/\/www.google.com\/url?q=http:\/\/www.x-gym.eu&amp;source=gmail&amp;ust=1760778470840000&amp;usg=AOvVaw1dKPb3zuTMabBKOfSj7umL\">www.x-gym.eu<\/a><\/strong>.<\/p>\t\t\t\t\t\t\t\t<\/div>\n\t\t\t\t\t<\/div>\n\t\t\t\t<\/div>\n\t\t\t\t<\/div>\n\t\t","protected":false},"excerpt":{"rendered":"<p>Data wej\u015bcia w \u017cycie:\u00a017.10.2025Administrator danych:\u00a04STB Sp. z o.o.ul. Energetyk\u00f3w 2, 65-729 Zielona G\u00f3raKRS: 0000937662, NIP: 9731077472, REGON: 520653198e-mail:\u00a0&#x62;&#105;u&#x72;&#111;&#64;&#x78;&#x2d;&#103;&#x79;&#x6d;&#46;e&#x75; 1. Informacje og\u00f3lne Niniejsza Polityka prywatno\u015bci okre\u015bla zasady przetwarzania danych osobowych u\u017cytkownik\u00f3w strony\u00a0www.x-gym.eu (dalej: \u201eSerwis\u201d). Administrator przyk\u0142ada szczeg\u00f3ln\u0105 wag\u0119 do ochrony prywatno\u015bci u\u017cytkownik\u00f3w i bezpiecze\u0144stwa przetwarzanych danych osobowych zgodnie z Rozporz\u0105dzeniem Parlamentu Europejskiego i Rady (UE) 2016\/679 [&hellip;]<\/p>\n","protected":false},"author":1,"featured_media":0,"parent":0,"menu_order":99,"comment_status":"closed","ping_status":"closed","template":"","meta":{"footnotes":""},"class_list":["post-3","page","type-page","status-publish","hentry"],"_links":{"self":[{"href":"https:\/\/x-gym.eu\/pl\/wp-json\/wp\/v2\/pages\/3","targetHints":{"allow":["GET"]}}],"collection":[{"href":"https:\/\/x-gym.eu\/pl\/wp-json\/wp\/v2\/pages"}],"about":[{"href":"https:\/\/x-gym.eu\/pl\/wp-json\/wp\/v2\/types\/page"}],"author":[{"embeddable":true,"href":"https:\/\/x-gym.eu\/pl\/wp-json\/wp\/v2\/users\/1"}],"replies":[{"embeddable":true,"href":"https:\/\/x-gym.eu\/pl\/wp-json\/wp\/v2\/comments?post=3"}],"version-history":[{"count":5,"href":"https:\/\/x-gym.eu\/pl\/wp-json\/wp\/v2\/pages\/3\/revisions"}],"predecessor-version":[{"id":1587,"href":"https:\/\/x-gym.eu\/pl\/wp-json\/wp\/v2\/pages\/3\/revisions\/1587"}],"wp:attachment":[{"href":"https:\/\/x-gym.eu\/pl\/wp-json\/wp\/v2\/media?parent=3"}],"curies":[{"name":"wp","href":"https:\/\/api.w.org\/{rel}","templated":true}]}}