{"id":257,"date":"2025-09-26T09:32:37","date_gmt":"2025-09-26T07:32:37","guid":{"rendered":"https:\/\/x-gym.eu\/?page_id=257"},"modified":"2025-10-20T16:49:06","modified_gmt":"2025-10-20T14:49:06","slug":"o-firmie","status":"publish","type":"page","link":"https:\/\/x-gym.eu\/pl\/o-firmie\/","title":{"rendered":"O firmie"},"content":{"rendered":"\t\t<div data-elementor-type=\"wp-page\" data-elementor-id=\"257\" class=\"elementor elementor-257\" data-elementor-post-type=\"page\">\n\t\t\t\t<div class=\"elementor-element elementor-element-18a3ab8 e-flex e-con-boxed e-con e-parent\" data-id=\"18a3ab8\" data-element_type=\"container\" data-e-type=\"container\" data-settings=\"{&quot;jet_parallax_layout_list&quot;:[]}\">\n\t\t\t\t\t<div class=\"e-con-inner\">\n\t\t\t\t<div class=\"elementor-element elementor-element-7f9de9d elementor-widget elementor-widget-heading\" data-id=\"7f9de9d\" data-element_type=\"widget\" data-e-type=\"widget\" data-widget_type=\"heading.default\">\n\t\t\t\t\t<h1 class=\"elementor-heading-title elementor-size-default\">O firmie<\/h1>\t\t\t\t<\/div>\n\t\t\t\t<div class=\"elementor-element elementor-element-51d6acf elementor-widget__width-initial elementor-widget elementor-widget-text-editor\" data-id=\"51d6acf\" data-element_type=\"widget\" data-e-type=\"widget\" data-widget_type=\"text-editor.default\">\n\t\t\t\t\t\t\t\t\t<span class=\"xgym\">X-GYM<\/span> to polska marka, kt\u00f3ra zmienia spos\u00f3b my\u015blenia o si\u0142owniach zewn\u0119trznych. Powstali\u015bmy w ramach 4STB, producenta z do\u015bwiadczeniem w projektowaniu i wytwarzaniu sprz\u0119tu outdoor fitness serii Park Atlas. Nasz\u0105 specjalno\u015bci\u0105 s\u0105 profesjonalne urz\u0105dzenia ze zmiennym obci\u0105\u017ceniem \u2013 solidne, funkcjonalne i zaprojektowane z my\u015bl\u0105 o realnym treningu.\t\t\t\t\t\t\t\t<\/div>\n\t\t\t\t\t<\/div>\n\t\t\t\t<\/div>\n\t\t<div class=\"elementor-element elementor-element-758c463 e-flex e-con-boxed e-con e-parent\" data-id=\"758c463\" data-element_type=\"container\" data-e-type=\"container\" data-settings=\"{&quot;jet_parallax_layout_list&quot;:[]}\">\n\t\t\t\t\t<div class=\"e-con-inner\">\n\t\t<div class=\"elementor-element elementor-element-dbcae3f e-con-full e-flex e-con e-child\" data-id=\"dbcae3f\" data-element_type=\"container\" data-e-type=\"container\" data-settings=\"{&quot;jet_parallax_layout_list&quot;:[]}\">\n\t\t\t\t<div class=\"elementor-element elementor-element-d871228 elementor-widget elementor-widget-video\" data-id=\"d871228\" data-element_type=\"widget\" data-e-type=\"widget\" data-settings=\"{&quot;video_type&quot;:&quot;hosted&quot;,&quot;autoplay&quot;:&quot;yes&quot;,&quot;mute&quot;:&quot;yes&quot;,&quot;loop&quot;:&quot;yes&quot;,&quot;play_on_mobile&quot;:&quot;yes&quot;}\" data-widget_type=\"video.default\">\n\t\t\t\t\t\t\t<div class=\"e-hosted-video elementor-wrapper elementor-open-inline\">\n\t\t\t\t\t<video class=\"elementor-video\" src=\"https:\/\/x-gym.eu\/wp-content\/uploads\/x-gym-painting.webm\" autoplay=\"\" loop=\"\" muted=\"muted\" playsinline=\"\" controlsList=\"nodownload\"><\/video>\n\t\t\t\t<\/div>\n\t\t\t\t\t\t<\/div>\n\t\t\t\t<div class=\"elementor-element elementor-element-2d9cddb elementor-hidden-desktop elementor-hidden-tablet elementor-hidden-mobile elementor-widget elementor-widget-image\" data-id=\"2d9cddb\" data-element_type=\"widget\" data-e-type=\"widget\" data-widget_type=\"image.default\">\n\t\t\t\t\t\t\t\t\t\t\t\t\t\t\t<img fetchpriority=\"high\" decoding=\"async\" width=\"1209\" height=\"629\" src=\"https:\/\/x-gym.eu\/wp-content\/uploads\/Tlo_3_v2_antracyt_bez_tla_5k-1.png\" class=\"attachment-large size-large wp-image-1314\" alt=\"\" srcset=\"https:\/\/x-gym.eu\/wp-content\/uploads\/Tlo_3_v2_antracyt_bez_tla_5k-1.png 1209w, https:\/\/x-gym.eu\/wp-content\/uploads\/Tlo_3_v2_antracyt_bez_tla_5k-1-768x400.png 768w\" sizes=\"(max-width: 1209px) 100vw, 1209px\" \/>\t\t\t\t\t\t\t\t\t\t\t\t\t\t\t<\/div>\n\t\t\t\t<\/div>\n\t\t<div class=\"elementor-element elementor-element-74263fb e-con-full e-flex e-con e-child\" data-id=\"74263fb\" data-element_type=\"container\" data-e-type=\"container\" data-settings=\"{&quot;jet_parallax_layout_list&quot;:[]}\">\n\t\t\t\t<div class=\"elementor-element elementor-element-f7c4893 elementor-widget elementor-widget-heading\" data-id=\"f7c4893\" data-element_type=\"widget\" data-e-type=\"widget\" data-widget_type=\"heading.default\">\n\t\t\t\t\t<span class=\"elementor-heading-title elementor-size-default\">Nasza filozofia<\/span>\t\t\t\t<\/div>\n\t\t\t\t<div class=\"elementor-element elementor-element-95b005c elementor-widget elementor-widget-heading\" data-id=\"95b005c\" data-element_type=\"widget\" data-e-type=\"widget\" data-widget_type=\"heading.default\">\n\t\t\t\t\t<h2 class=\"elementor-heading-title elementor-size-default\">Forma ma znaczenie. <br>X robi r\u00f3\u017cnic\u0119.<\/h2>\t\t\t\t<\/div>\n\t\t\t\t<div class=\"elementor-element elementor-element-119f9c0 elementor-widget elementor-widget-text-editor\" data-id=\"119f9c0\" data-element_type=\"widget\" data-e-type=\"widget\" data-widget_type=\"text-editor.default\">\n\t\t\t\t\t\t\t\t\t<p>Nie traktujemy sprz\u0119tu jako dodatku. Dla nas to element, kt\u00f3ry wsp\u00f3\u0142tworzy przestrze\u0144 i standard inwestycji. Nasze urz\u0105dzenia wyr\u00f3\u017cnia charakterystyczny kszta\u0142t X \u2013 forma, kt\u00f3ra \u0142\u0105czy estetyk\u0119, trwa\u0142o\u015b\u0107 i funkcj\u0119.<\/p>\t\t\t\t\t\t\t\t<\/div>\n\t\t\t\t<div class=\"elementor-element elementor-element-6b5d3e4 elementor-widget elementor-widget-button\" data-id=\"6b5d3e4\" data-element_type=\"widget\" data-e-type=\"widget\" data-widget_type=\"button.default\">\n\t\t\t\t\t\t\t\t\t\t<a class=\"elementor-button elementor-button-link elementor-size-sm\" href=\"https:\/\/x-gym.eu\/pl\/produkty\/\">\n\t\t\t\t\t\t<span class=\"elementor-button-content-wrapper\">\n\t\t\t\t\t\t\t\t\t<span class=\"elementor-button-text\">Poznaj nasze produkty<\/span>\n\t\t\t\t\t<\/span>\n\t\t\t\t\t<\/a>\n\t\t\t\t\t\t\t\t<\/div>\n\t\t\t\t<\/div>\n\t\t\t\t\t<\/div>\n\t\t\t\t<\/div>\n\t\t<div class=\"elementor-element elementor-element-0e2e66f e-flex e-con-boxed e-con e-parent\" data-id=\"0e2e66f\" data-element_type=\"container\" data-e-type=\"container\" data-settings=\"{&quot;jet_parallax_layout_list&quot;:[]}\">\n\t\t\t\t\t<div class=\"e-con-inner\">\n\t\t\t\t<div class=\"elementor-element elementor-element-adba4ef elementor-widget elementor-widget-heading\" data-id=\"adba4ef\" data-element_type=\"widget\" data-e-type=\"widget\" data-widget_type=\"heading.default\">\n\t\t\t\t\t<span class=\"elementor-heading-title elementor-size-default\">nowy standard<\/span>\t\t\t\t<\/div>\n\t\t\t\t<div class=\"elementor-element elementor-element-7eb2d9b elementor-widget__width-initial elementor-widget elementor-widget-heading\" data-id=\"7eb2d9b\" data-element_type=\"widget\" data-e-type=\"widget\" data-widget_type=\"heading.default\">\n\t\t\t\t\t<h2 class=\"elementor-heading-title elementor-size-default\">Od pomys\u0142u do gotowej realizacji \u2013 wszystko u nas<\/h2>\t\t\t\t<\/div>\n\t\t\t\t<div class=\"elementor-element elementor-element-5c78491 elementor-widget__width-initial elementor-widget elementor-widget-text-editor\" data-id=\"5c78491\" data-element_type=\"widget\" data-e-type=\"widget\" data-widget_type=\"text-editor.default\">\n\t\t\t\t\t\t\t\t\t<p>Ca\u0142y proces mamy pod kontrol\u0105 \u2013 od pierwszej koncepcji a\u017c po serwis. Dzi\u0119ki temu wsp\u00f3\u0142praca z nami jest przewidywalna, sprawna i profesjonalna.<\/p>\t\t\t\t\t\t\t\t<\/div>\n\t\t<div class=\"elementor-element elementor-element-4ad6ead e-grid e-con-full e-con e-child\" data-id=\"4ad6ead\" data-element_type=\"container\" data-e-type=\"container\" data-settings=\"{&quot;jet_parallax_layout_list&quot;:[]}\">\n\t\t\t\t<div class=\"elementor-element elementor-element-f0ddb0f elementor-position-top elementor-widget elementor-widget-image-box\" data-id=\"f0ddb0f\" data-element_type=\"widget\" data-e-type=\"widget\" data-widget_type=\"image-box.default\">\n\t\t\t\t\t<div class=\"elementor-image-box-wrapper\"><figure class=\"elementor-image-box-img\"><img decoding=\"async\" width=\"1232\" height=\"928\" src=\"https:\/\/x-gym.eu\/wp-content\/uploads\/biuro-konstrukcyjne.webp\" class=\"attachment-full size-full wp-image-1308\" alt=\"\" srcset=\"https:\/\/x-gym.eu\/wp-content\/uploads\/biuro-konstrukcyjne.webp 1232w, https:\/\/x-gym.eu\/wp-content\/uploads\/biuro-konstrukcyjne-768x578.webp 768w\" sizes=\"(max-width: 1232px) 100vw, 1232px\" \/><\/figure><div class=\"elementor-image-box-content\"><h3 class=\"elementor-image-box-title\">W\u0142asne biuro konstrukcyjne<\/h3><p class=\"elementor-image-box-description\">Ka\u017cdy projekt powstaje w naszym biurze in\u017cynierskim, gdzie \u0142\u0105czymy ergonomi\u0119, wytrzyma\u0142o\u015b\u0107 i charakterystyczny design.<\/p><\/div><\/div>\t\t\t\t<\/div>\n\t\t\t\t<div class=\"elementor-element elementor-element-9fc98d5 elementor-position-top elementor-widget elementor-widget-image-box\" data-id=\"9fc98d5\" data-element_type=\"widget\" data-e-type=\"widget\" data-widget_type=\"image-box.default\">\n\t\t\t\t\t<div class=\"elementor-image-box-wrapper\"><figure class=\"elementor-image-box-img\"><img decoding=\"async\" width=\"1920\" height=\"1280\" src=\"https:\/\/x-gym.eu\/wp-content\/uploads\/5-1.webp\" class=\"attachment-full size-full wp-image-1311\" alt=\"\" srcset=\"https:\/\/x-gym.eu\/wp-content\/uploads\/5-1.webp 1920w, https:\/\/x-gym.eu\/wp-content\/uploads\/5-1-768x512.webp 768w, https:\/\/x-gym.eu\/wp-content\/uploads\/5-1-1536x1024.webp 1536w\" sizes=\"(max-width: 1920px) 100vw, 1920px\" \/><\/figure><div class=\"elementor-image-box-content\"><h3 class=\"elementor-image-box-title\">Produkcja w Polsce<\/h3><p class=\"elementor-image-box-description\">Wszystkie urz\u0105dzenia wytwarzamy lokalnie, bez podwykonawc\u00f3w. To gwarancja jako\u015bci i kr\u00f3tsze terminy dostaw.<\/p><\/div><\/div>\t\t\t\t<\/div>\n\t\t\t\t<div class=\"elementor-element elementor-element-41fda4a elementor-position-top elementor-widget elementor-widget-image-box\" data-id=\"41fda4a\" data-element_type=\"widget\" data-e-type=\"widget\" data-widget_type=\"image-box.default\">\n\t\t\t\t\t<div class=\"elementor-image-box-wrapper\"><figure class=\"elementor-image-box-img\"><img loading=\"lazy\" decoding=\"async\" width=\"1920\" height=\"1280\" src=\"https:\/\/x-gym.eu\/wp-content\/uploads\/22-1.webp\" class=\"attachment-full size-full wp-image-1312\" alt=\"\" srcset=\"https:\/\/x-gym.eu\/wp-content\/uploads\/22-1.webp 1920w, https:\/\/x-gym.eu\/wp-content\/uploads\/22-1-768x512.webp 768w, https:\/\/x-gym.eu\/wp-content\/uploads\/22-1-1536x1024.webp 1536w\" sizes=\"(max-width: 1920px) 100vw, 1920px\" \/><\/figure><div class=\"elementor-image-box-content\"><h3 class=\"elementor-image-box-title\">Profesjonalny monta\u017c<\/h3><p class=\"elementor-image-box-description\">Instalujemy sprz\u0119t zgodnie z dokumentacj\u0105 i wymaganiami inwestycji, dbaj\u0105c o ka\u017cdy detal.<\/p><\/div><\/div>\t\t\t\t<\/div>\n\t\t\t\t<div class=\"elementor-element elementor-element-4559df0 elementor-position-top elementor-widget elementor-widget-image-box\" data-id=\"4559df0\" data-element_type=\"widget\" data-e-type=\"widget\" data-widget_type=\"image-box.default\">\n\t\t\t\t\t<div class=\"elementor-image-box-wrapper\"><figure class=\"elementor-image-box-img\"><img loading=\"lazy\" decoding=\"async\" width=\"1920\" height=\"1280\" src=\"https:\/\/x-gym.eu\/wp-content\/uploads\/12.jpg\" class=\"attachment-full size-full wp-image-1227\" alt=\"\" srcset=\"https:\/\/x-gym.eu\/wp-content\/uploads\/12.jpg 1920w, https:\/\/x-gym.eu\/wp-content\/uploads\/12-768x512.jpg 768w, https:\/\/x-gym.eu\/wp-content\/uploads\/12-1536x1024.jpg 1536w\" sizes=\"(max-width: 1920px) 100vw, 1920px\" \/><\/figure><div class=\"elementor-image-box-content\"><h3 class=\"elementor-image-box-title\">Serwis gwarancyjny i pogwarancyjny<\/h3><p class=\"elementor-image-box-description\">Nasze urz\u0105dzenia s\u0105 odporne i trwa\u0142e, ale zawsze jeste\u015bmy dost\u0119pni, je\u015bli pojawi si\u0119 potrzeba wsparcia.<\/p><\/div><\/div>\t\t\t\t<\/div>\n\t\t\t\t<\/div>\n\t\t\t\t\t<\/div>\n\t\t\t\t<\/div>\n\t\t<div class=\"elementor-element elementor-element-dcc3451 e-flex e-con-boxed e-con e-parent\" data-id=\"dcc3451\" data-element_type=\"container\" data-e-type=\"container\" data-settings=\"{&quot;jet_parallax_layout_list&quot;:[]}\">\n\t\t\t\t\t<div class=\"e-con-inner\">\n\t\t\t\t<div class=\"elementor-element elementor-element-ad546d3 elementor-widget__width-initial elementor-widget elementor-widget-heading\" data-id=\"ad546d3\" data-element_type=\"widget\" data-e-type=\"widget\" data-widget_type=\"heading.default\">\n\t\t\t\t\t<h2 class=\"elementor-heading-title elementor-size-default\">Twoja przestrze\u0144, nasza forma<\/h2>\t\t\t\t<\/div>\n\t\t\t\t<div class=\"elementor-element elementor-element-d7942d2 elementor-widget__width-initial elementor-widget elementor-widget-text-editor\" data-id=\"d7942d2\" data-element_type=\"widget\" data-e-type=\"widget\" data-widget_type=\"text-editor.default\">\n\t\t\t\t\t\t\t\t\tKa\u017cdy projekt zaczyna si\u0119 od rozmowy. W <span class=\"xgym\">X-GYM<\/span> dajemy do dyspozycji wiedz\u0119, do\u015bwiadczenie i gotowe rozwi\u0105zania, kt\u00f3re mo\u017cna dopasowa\u0107 do r\u00f3\u017cnych miejsc i wymaga\u0144.\t\t\t\t\t\t\t\t<\/div>\n\t\t\t\t<div class=\"elementor-element elementor-element-f63ab90 elementor-widget elementor-widget-button\" data-id=\"f63ab90\" data-element_type=\"widget\" data-e-type=\"widget\" data-widget_type=\"button.default\">\n\t\t\t\t\t\t\t\t\t\t<a class=\"elementor-button elementor-button-link elementor-size-sm\" href=\"https:\/\/x-gym.eu\/pl\/kontakt\/\">\n\t\t\t\t\t\t<span class=\"elementor-button-content-wrapper\">\n\t\t\t\t\t\t\t\t\t<span class=\"elementor-button-text\">Skontaktuj si\u0119 z nami<\/span>\n\t\t\t\t\t<\/span>\n\t\t\t\t\t<\/a>\n\t\t\t\t\t\t\t\t<\/div>\n\t\t\t\t\t<\/div>\n\t\t\t\t<\/div>\n\t\t<div class=\"elementor-element elementor-element-32d25f2 e-flex e-con-boxed e-con e-parent\" data-id=\"32d25f2\" data-element_type=\"container\" data-e-type=\"container\" data-settings=\"{&quot;jet_parallax_layout_list&quot;:[]}\">\n\t\t\t\t\t<div class=\"e-con-inner\">\n\t\t\t\t<div class=\"elementor-element elementor-element-444b38e elementor-widget elementor-widget-template\" data-id=\"444b38e\" data-element_type=\"widget\" data-e-type=\"widget\" data-widget_type=\"template.default\">\n\t\t\t\t<div class=\"elementor-widget-container\">\n\t\t\t\t\t\t\t<div class=\"elementor-template\">\n\t\t\t\t\t<div data-elementor-type=\"container\" data-elementor-id=\"358\" class=\"elementor elementor-358\" data-elementor-post-type=\"elementor_library\">\n\t\t\t\t<div class=\"elementor-element elementor-element-40d628c e-con-full e-flex e-con e-parent\" data-id=\"40d628c\" data-element_type=\"container\" data-e-type=\"container\" data-settings=\"{&quot;jet_parallax_layout_list&quot;:[]}\">\n\t\t<div class=\"elementor-element elementor-element-c0d8c0c e-con-full e-flex e-con e-child\" data-id=\"c0d8c0c\" data-element_type=\"container\" data-e-type=\"container\" data-settings=\"{&quot;background_background&quot;:&quot;video&quot;,&quot;background_video_link&quot;:&quot;https:\\\/\\\/x-gym.eu\\\/wp-content\\\/uploads\\\/x_strefa-architekta.webm&quot;,&quot;background_play_on_mobile&quot;:&quot;yes&quot;,&quot;jet_parallax_layout_list&quot;:[]}\">\n\t\t<div class=\"elementor-background-video-container\">\n\t\t\t\t\t\t\t<video class=\"elementor-background-video-hosted\" role=\"presentation\" autoplay muted playsinline loop><\/video>\n\t\t\t\t\t<\/div>\t\t<div class=\"elementor-element elementor-element-896eb9c elementor-widget elementor-widget-image\" data-id=\"896eb9c\" data-element_type=\"widget\" data-e-type=\"widget\" data-widget_type=\"image.default\">\n\t\t\t\t\t\t\t\t\t\t\t\t\t\t\t<img loading=\"lazy\" decoding=\"async\" width=\"194\" height=\"194\" src=\"https:\/\/x-gym.eu\/wp-content\/uploads\/x_ar.webp\" class=\"attachment-large size-large wp-image-532\" alt=\"\" \/>\t\t\t\t\t\t\t\t\t\t\t\t\t\t\t<\/div>\n\t\t\t\t<\/div>\n\t\t<div class=\"elementor-element elementor-element-4cdf179 e-con-full e-flex e-con e-child\" data-id=\"4cdf179\" data-element_type=\"container\" data-e-type=\"container\" data-settings=\"{&quot;background_background&quot;:&quot;classic&quot;,&quot;jet_parallax_layout_list&quot;:[]}\">\n\t\t\t\t<div class=\"elementor-element elementor-element-7b6cf9e elementor-widget elementor-widget-heading\" data-id=\"7b6cf9e\" data-element_type=\"widget\" data-e-type=\"widget\" data-widget_type=\"heading.default\">\n\t\t\t\t\t<span class=\"elementor-heading-title elementor-size-default\">Zaprojektuj swoj\u0105 stref\u0119 X-GYM<\/span>\t\t\t\t<\/div>\n\t\t\t\t<div class=\"elementor-element elementor-element-f97ad19 elementor-widget elementor-widget-heading\" data-id=\"f97ad19\" data-element_type=\"widget\" data-e-type=\"widget\" data-widget_type=\"heading.default\">\n\t\t\t\t\t<h2 class=\"elementor-heading-title elementor-size-default\">Strefa Architekta<\/h2>\t\t\t\t<\/div>\n\t\t\t\t<div class=\"elementor-element elementor-element-bd386e7 elementor-widget elementor-widget-text-editor\" data-id=\"bd386e7\" data-element_type=\"widget\" data-e-type=\"widget\" data-widget_type=\"text-editor.default\">\n\t\t\t\t\t\t\t\t\t<p>X-GYM to nie tylko urz\u0105dzenia do treningu outdoorowego \u2013 to kompletny system projektowy. Oferujemy gotowe modele 3D, pliki DWG\/DXF, pe\u0142n\u0105 dokumentacj\u0119 techniczn\u0105 oraz wytyczne monta\u017cowe, kt\u00f3re \u0142atwo wpasujesz w ka\u017cd\u0105 koncepcj\u0119 urbanistyczn\u0105. Dzi\u0119ki specjalnemu narz\u0119dziu stworzonym dla architekt\u00f3w i urbanist\u00f3w mo\u017cesz w kilka klikni\u0119\u0107 wstawi\u0107 modele X-GYM do swoich projekt\u00f3w, sprawdzi\u0107 je w wizualizacji i \u0142atwo udost\u0119pni\u0107 inwestorom.<\/p>\t\t\t\t\t\t\t\t<\/div>\n\t\t\t\t<div class=\"elementor-element elementor-element-664f084 elementor-widget elementor-widget-button\" data-id=\"664f084\" data-element_type=\"widget\" data-e-type=\"widget\" data-widget_type=\"button.default\">\n\t\t\t\t\t\t\t\t\t\t<a class=\"elementor-button elementor-button-link elementor-size-sm\" href=\"https:\/\/x-gym.eu\/pl\/strefa-architekta\/\">\n\t\t\t\t\t\t<span class=\"elementor-button-content-wrapper\">\n\t\t\t\t\t\t\t\t\t<span class=\"elementor-button-text\">Przejd\u017a do Strefy Architekta<\/span>\n\t\t\t\t\t<\/span>\n\t\t\t\t\t<\/a>\n\t\t\t\t\t\t\t\t<\/div>\n\t\t\t\t<\/div>\n\t\t\t\t<\/div>\n\t\t\t\t<\/div>\n\t\t\t\t<\/div>\n\t\t\t\t\t\t<\/div>\n\t\t\t\t<\/div>\n\t\t\t\t\t<\/div>\n\t\t\t\t<\/div>\n\t\t<div class=\"elementor-element elementor-element-e239a5d e-flex e-con-boxed e-con e-parent\" data-id=\"e239a5d\" data-element_type=\"container\" data-e-type=\"container\" data-settings=\"{&quot;jet_parallax_layout_list&quot;:[]}\">\n\t\t\t\t\t<div class=\"e-con-inner\">\n\t\t\t\t<div class=\"elementor-element elementor-element-cabd087 elementor-widget elementor-widget-template\" data-id=\"cabd087\" data-element_type=\"widget\" data-e-type=\"widget\" data-widget_type=\"template.default\">\n\t\t\t\t<div class=\"elementor-widget-container\">\n\t\t\t\t\t\t\t<div class=\"elementor-template\">\n\t\t\t\t\t<div data-elementor-type=\"container\" data-elementor-id=\"401\" class=\"elementor elementor-401\" data-elementor-post-type=\"elementor_library\">\n\t\t\t\t<div class=\"elementor-element elementor-element-272d477 e-con-full e-flex e-con e-parent\" data-id=\"272d477\" data-element_type=\"container\" data-e-type=\"container\" data-settings=\"{&quot;jet_parallax_layout_list&quot;:[]}\">\n\t\t\t\t<div class=\"elementor-element elementor-element-51758a6 elementor-widget elementor-widget-heading\" data-id=\"51758a6\" data-element_type=\"widget\" data-e-type=\"widget\" data-widget_type=\"heading.default\">\n\t\t\t\t\t<h2 class=\"elementor-heading-title elementor-size-default\">Masz pytania?<\/h2>\t\t\t\t<\/div>\n\t\t\t\t<div class=\"elementor-element elementor-element-486f859 elementor-widget__width-initial elementor-hidden-mobile elementor-widget elementor-widget-text-editor\" data-id=\"486f859\" data-element_type=\"widget\" data-e-type=\"widget\" data-widget_type=\"text-editor.default\">\n\t\t\t\t\t\t\t\t\t<p>Potrzebujesz niestandardowego modelu lub indywidualnego rozwi\u0105zania? <br \/>Jeste\u015bmy do dyspozycji \u2013 od koncepcji po realizacj\u0119.<\/p>\t\t\t\t\t\t\t\t<\/div>\n\t\t\t\t<div class=\"elementor-element elementor-element-9524f90 elementor-widget__width-initial elementor-hidden-desktop elementor-hidden-tablet elementor-widget elementor-widget-text-editor\" data-id=\"9524f90\" data-element_type=\"widget\" data-e-type=\"widget\" data-widget_type=\"text-editor.default\">\n\t\t\t\t\t\t\t\t\t<p>Potrzebujesz niestandardowego modelu lub indywidualnego rozwi\u0105zania? Jeste\u015bmy do dyspozycji \u2013 od koncepcji po realizacj\u0119.<\/p>\t\t\t\t\t\t\t\t<\/div>\n\t\t\t\t<div class=\"elementor-element elementor-element-3a1987e elementor-align-justify elementor-widget__width-initial elementor-widget elementor-widget-button\" data-id=\"3a1987e\" data-element_type=\"widget\" data-e-type=\"widget\" data-widget_type=\"button.default\">\n\t\t\t\t\t\t\t\t\t\t<a class=\"elementor-button elementor-button-link elementor-size-sm\" href=\"https:\/\/x-gym.eu\/pl\/kontakt\/\">\n\t\t\t\t\t\t<span class=\"elementor-button-content-wrapper\">\n\t\t\t\t\t\t\t\t\t<span class=\"elementor-button-text\">Skontaktuj si\u0119 z nami<\/span>\n\t\t\t\t\t<\/span>\n\t\t\t\t\t<\/a>\n\t\t\t\t\t\t\t\t<\/div>\n\t\t\t\t<\/div>\n\t\t\t\t<\/div>\n\t\t\t\t<\/div>\n\t\t\t\t\t\t<\/div>\n\t\t\t\t<\/div>\n\t\t\t\t\t<\/div>\n\t\t\t\t<\/div>\n\t\t\t\t<\/div>\n\t\t","protected":false},"excerpt":{"rendered":"<p>X-GYM to polska marka, kt\u00f3ra zmienia spos\u00f3b my\u015blenia o si\u0142owniach zewn\u0119trznych. Powstali\u015bmy w ramach 4STB, producenta z do\u015bwiadczeniem w projektowaniu i wytwarzaniu sprz\u0119tu outdoor fitness serii Park Atlas. Nasz\u0105 specjalno\u015bci\u0105 s\u0105 profesjonalne urz\u0105dzenia ze zmiennym obci\u0105\u017ceniem \u2013 solidne, funkcjonalne i zaprojektowane z my\u015bl\u0105 o realnym treningu.https:\/\/x-gym.eu\/wp-content\/uploads\/x-gym-painting.webm Nasza filozofia Forma ma znaczenie. X robi r\u00f3\u017cnic\u0119. Nie [&hellip;]<\/p>\n","protected":false},"author":1,"featured_media":0,"parent":0,"menu_order":5,"comment_status":"closed","ping_status":"closed","template":"","meta":{"footnotes":""},"class_list":["post-257","page","type-page","status-publish","hentry"],"_links":{"self":[{"href":"https:\/\/x-gym.eu\/pl\/wp-json\/wp\/v2\/pages\/257","targetHints":{"allow":["GET"]}}],"collection":[{"href":"https:\/\/x-gym.eu\/pl\/wp-json\/wp\/v2\/pages"}],"about":[{"href":"https:\/\/x-gym.eu\/pl\/wp-json\/wp\/v2\/types\/page"}],"author":[{"embeddable":true,"href":"https:\/\/x-gym.eu\/pl\/wp-json\/wp\/v2\/users\/1"}],"replies":[{"embeddable":true,"href":"https:\/\/x-gym.eu\/pl\/wp-json\/wp\/v2\/comments?post=257"}],"version-history":[{"count":5,"href":"https:\/\/x-gym.eu\/pl\/wp-json\/wp\/v2\/pages\/257\/revisions"}],"predecessor-version":[{"id":1743,"href":"https:\/\/x-gym.eu\/pl\/wp-json\/wp\/v2\/pages\/257\/revisions\/1743"}],"wp:attachment":[{"href":"https:\/\/x-gym.eu\/pl\/wp-json\/wp\/v2\/media?parent=257"}],"curies":[{"name":"wp","href":"https:\/\/api.w.org\/{rel}","templated":true}]}}