{"id":253,"date":"2025-09-26T09:31:39","date_gmt":"2025-09-26T07:31:39","guid":{"rendered":"https:\/\/x-gym.eu\/?page_id=253"},"modified":"2025-10-20T14:47:55","modified_gmt":"2025-10-20T12:47:55","slug":"strefa-architekta","status":"publish","type":"page","link":"https:\/\/x-gym.eu\/pl\/strefa-architekta\/","title":{"rendered":"Strefa Architekta"},"content":{"rendered":"\t\t<div data-elementor-type=\"wp-page\" data-elementor-id=\"253\" class=\"elementor elementor-253\" data-elementor-post-type=\"page\">\n\t\t\t\t<div class=\"elementor-element elementor-element-b47c6e9 e-flex e-con-boxed e-con e-parent\" data-id=\"b47c6e9\" data-element_type=\"container\" data-e-type=\"container\" data-settings=\"{&quot;jet_parallax_layout_list&quot;:[]}\">\n\t\t\t\t\t<div class=\"e-con-inner\">\n\t\t\t\t<div class=\"elementor-element elementor-element-ca0b8f2 elementor-widget__width-inherit elementor-widget elementor-widget-heading\" data-id=\"ca0b8f2\" data-element_type=\"widget\" data-e-type=\"widget\" data-widget_type=\"heading.default\">\n\t\t\t\t\t<h1 class=\"elementor-heading-title elementor-size-default\">Strefa Architekta<\/h1>\t\t\t\t<\/div>\n\t\t\t\t<div class=\"elementor-element elementor-element-ecbbba1 elementor-widget__width-initial elementor-widget elementor-widget-text-editor\" data-id=\"ecbbba1\" data-element_type=\"widget\" data-e-type=\"widget\" data-widget_type=\"text-editor.default\">\n\t\t\t\t\t\t\t\t\t<p>Lubimy pracowa\u0107 z projektantami \u2013 cenimy ich wizj\u0119 i szanujemy ich czas. W Strefie Architekta udost\u0119pniamy narz\u0119dzia i materia\u0142y, kt\u00f3re pozwalaj\u0105 im dzia\u0142a\u0107 szybciej, efektywniej i z wi\u0119ksz\u0105 elastyczno\u015bci\u0105.<\/p>\t\t\t\t\t\t\t\t<\/div>\n\t\t\t\t\t<\/div>\n\t\t\t\t<\/div>\n\t\t<div class=\"elementor-element elementor-element-d0c37f3 e-grid e-con-boxed e-con e-child\" data-id=\"d0c37f3\" data-element_type=\"container\" data-e-type=\"container\" data-settings=\"{&quot;jet_parallax_layout_list&quot;:[]}\">\n\t\t\t\t\t<div class=\"e-con-inner\">\n\t\t<div class=\"elementor-element elementor-element-419dd18 e-con-full features e-flex e-con e-child\" data-id=\"419dd18\" data-element_type=\"container\" data-e-type=\"container\" data-settings=\"{&quot;jet_parallax_layout_list&quot;:[]}\">\n\t\t\t\t<div class=\"elementor-element elementor-element-5195838 numer elementor-widget elementor-widget-heading\" data-id=\"5195838\" data-element_type=\"widget\" data-e-type=\"widget\" data-widget_type=\"heading.default\">\n\t\t\t\t\t<span class=\"elementor-heading-title elementor-size-default\">01<\/span>\t\t\t\t<\/div>\n\t\t\t\t<div class=\"elementor-element elementor-element-8647b52 elementor-widget elementor-widget-icon-box\" data-id=\"8647b52\" data-element_type=\"widget\" data-e-type=\"widget\" data-widget_type=\"icon-box.default\">\n\t\t\t\t\t\t\t<div class=\"elementor-icon-box-wrapper\">\n\n\t\t\t\n\t\t\t\t\t\t<div class=\"elementor-icon-box-content\">\n\n\t\t\t\t\t\t\t\t\t<h3 class=\"elementor-icon-box-title\">\n\t\t\t\t\t\t<span  >\n\t\t\t\t\t\t\tModele CAD \/ 3D\t\t\t\t\t\t<\/span>\n\t\t\t\t\t<\/h3>\n\t\t\t\t\n\t\t\t\t\t\t\t\t\t<p class=\"elementor-icon-box-description\">\n\t\t\t\t\t\tPliki w popularnych formatach (DWG, DXF, OBJ, FBX i inne) gotowe do u\u017cycia w Twoim oprogramowaniu projektowym.\t\t\t\t\t<\/p>\n\t\t\t\t\n\t\t\t<\/div>\n\t\t\t\n\t\t<\/div>\n\t\t\t\t\t\t<\/div>\n\t\t\t\t<\/div>\n\t\t<div class=\"elementor-element elementor-element-df86f81 e-con-full features e-flex e-con e-child\" data-id=\"df86f81\" data-element_type=\"container\" data-e-type=\"container\" data-settings=\"{&quot;jet_parallax_layout_list&quot;:[]}\">\n\t\t\t\t<div class=\"elementor-element elementor-element-63794e7 numer elementor-widget elementor-widget-heading\" data-id=\"63794e7\" data-element_type=\"widget\" data-e-type=\"widget\" data-widget_type=\"heading.default\">\n\t\t\t\t\t<span class=\"elementor-heading-title elementor-size-default\">02<\/span>\t\t\t\t<\/div>\n\t\t\t\t<div class=\"elementor-element elementor-element-713dcb9 elementor-widget elementor-widget-icon-box\" data-id=\"713dcb9\" data-element_type=\"widget\" data-e-type=\"widget\" data-widget_type=\"icon-box.default\">\n\t\t\t\t\t\t\t<div class=\"elementor-icon-box-wrapper\">\n\n\t\t\t\n\t\t\t\t\t\t<div class=\"elementor-icon-box-content\">\n\n\t\t\t\t\t\t\t\t\t<h3 class=\"elementor-icon-box-title\">\n\t\t\t\t\t\t<span  >\n\t\t\t\t\t\t\tKarty techniczne i parametry\t\t\t\t\t\t<\/span>\n\t\t\t\t\t<\/h3>\n\t\t\t\t\n\t\t\t\t\t\t\t\t\t<p class=\"elementor-icon-box-description\">\n\t\t\t\t\t\tSzczeg\u00f3\u0142owe specyfikacje, wyci\u0105gi rysunkowe, wymiary, detale konstrukcyjne \u2013 wszystko, by\u015b m\u00f3g\u0142 \u0142atwo wkomponowa\u0107 urz\u0105dzenie w sw\u00f3j projekt.\t\t\t\t\t<\/p>\n\t\t\t\t\n\t\t\t<\/div>\n\t\t\t\n\t\t<\/div>\n\t\t\t\t\t\t<\/div>\n\t\t\t\t<\/div>\n\t\t<div class=\"elementor-element elementor-element-df924d9 e-con-full features e-flex e-con e-child\" data-id=\"df924d9\" data-element_type=\"container\" data-e-type=\"container\" data-settings=\"{&quot;jet_parallax_layout_list&quot;:[]}\">\n\t\t\t\t<div class=\"elementor-element elementor-element-aaa8e20 numer elementor-widget elementor-widget-heading\" data-id=\"aaa8e20\" data-element_type=\"widget\" data-e-type=\"widget\" data-widget_type=\"heading.default\">\n\t\t\t\t\t<span class=\"elementor-heading-title elementor-size-default\">03<\/span>\t\t\t\t<\/div>\n\t\t\t\t<div class=\"elementor-element elementor-element-5e4fb25 elementor-widget elementor-widget-icon-box\" data-id=\"5e4fb25\" data-element_type=\"widget\" data-e-type=\"widget\" data-widget_type=\"icon-box.default\">\n\t\t\t\t\t\t\t<div class=\"elementor-icon-box-wrapper\">\n\n\t\t\t\n\t\t\t\t\t\t<div class=\"elementor-icon-box-content\">\n\n\t\t\t\t\t\t\t\t\t<h3 class=\"elementor-icon-box-title\">\n\t\t\t\t\t\t<span  >\n\t\t\t\t\t\t\tInstrukcje monta\u017cu i dokumentacja\t\t\t\t\t\t<\/span>\n\t\t\t\t\t<\/h3>\n\t\t\t\t\n\t\t\t\t\t\t\t\t\t<p class=\"elementor-icon-box-description\">\n\t\t\t\t\t\tMateria\u0142y pomocnicze, kt\u00f3re usprawniaj\u0105 proces realizacji \u2013 od fundament\u00f3w po monta\u017c ko\u0144cowy.\t\t\t\t\t<\/p>\n\t\t\t\t\n\t\t\t<\/div>\n\t\t\t\n\t\t<\/div>\n\t\t\t\t\t\t<\/div>\n\t\t\t\t<\/div>\n\t\t<div class=\"elementor-element elementor-element-9de286d e-con-full features e-flex e-con e-child\" data-id=\"9de286d\" data-element_type=\"container\" data-e-type=\"container\" data-settings=\"{&quot;jet_parallax_layout_list&quot;:[]}\">\n\t\t\t\t<div class=\"elementor-element elementor-element-7f55937 numer elementor-widget elementor-widget-heading\" data-id=\"7f55937\" data-element_type=\"widget\" data-e-type=\"widget\" data-widget_type=\"heading.default\">\n\t\t\t\t\t<span class=\"elementor-heading-title elementor-size-default\">04<\/span>\t\t\t\t<\/div>\n\t\t\t\t<div class=\"elementor-element elementor-element-234bc78 elementor-widget elementor-widget-icon-box\" data-id=\"234bc78\" data-element_type=\"widget\" data-e-type=\"widget\" data-widget_type=\"icon-box.default\">\n\t\t\t\t\t\t\t<div class=\"elementor-icon-box-wrapper\">\n\n\t\t\t\n\t\t\t\t\t\t<div class=\"elementor-icon-box-content\">\n\n\t\t\t\t\t\t\t\t\t<h3 class=\"elementor-icon-box-title\">\n\t\t\t\t\t\t<span  >\n\t\t\t\t\t\t\tIntegracja z narz\u0119dziami 3D\t\t\t\t\t\t<\/span>\n\t\t\t\t\t<\/h3>\n\t\t\t\t\n\t\t\t\t\t\t\t\t\t<p class=\"elementor-icon-box-description\">\n\t\t\t\t\t\tDzi\u0119ki wsparciu 3D mo\u017cesz szybko umie\u015bci\u0107 modele 3D w swoich wizualizacjach, wypr\u00f3bowa\u0107 w rozszerzonej rzeczywisto\u015bci oraz \u0142atwo udost\u0119pnia\u0107 klientom.\t\t\t\t\t<\/p>\n\t\t\t\t\n\t\t\t<\/div>\n\t\t\t\n\t\t<\/div>\n\t\t\t\t\t\t<\/div>\n\t\t\t\t<\/div>\n\t\t\t\t\t<\/div>\n\t\t\t\t<\/div>\n\t\t<div class=\"elementor-element elementor-element-89b11f6 e-flex e-con-boxed e-con e-parent\" data-id=\"89b11f6\" data-element_type=\"container\" data-e-type=\"container\" data-settings=\"{&quot;jet_parallax_layout_list&quot;:[]}\">\n\t\t\t\t\t<div class=\"e-con-inner\">\n\t\t<div class=\"elementor-element elementor-element-5544ba6 e-con-full e-flex e-con e-child\" data-id=\"5544ba6\" data-element_type=\"container\" data-e-type=\"container\" data-settings=\"{&quot;jet_parallax_layout_list&quot;:[]}\">\n\t\t\t\t<div class=\"elementor-element elementor-element-1f316c9 elementor-widget elementor-widget-image\" data-id=\"1f316c9\" data-element_type=\"widget\" data-e-type=\"widget\" data-widget_type=\"image.default\">\n\t\t\t\t\t\t\t\t\t\t\t\t\t\t\t<img fetchpriority=\"high\" decoding=\"async\" width=\"1536\" height=\"1024\" src=\"https:\/\/x-gym.eu\/wp-content\/uploads\/x_img-5.webp\" class=\"attachment-large size-large wp-image-636\" alt=\"\" srcset=\"https:\/\/x-gym.eu\/wp-content\/uploads\/x_img-5.webp 1536w, https:\/\/x-gym.eu\/wp-content\/uploads\/x_img-5-768x512.webp 768w\" sizes=\"(max-width: 1536px) 100vw, 1536px\" \/>\t\t\t\t\t\t\t\t\t\t\t\t\t\t\t<\/div>\n\t\t\t\t<\/div>\n\t\t<div class=\"elementor-element elementor-element-8c8532a e-con-full e-flex e-con e-child\" data-id=\"8c8532a\" data-element_type=\"container\" data-e-type=\"container\" data-settings=\"{&quot;jet_parallax_layout_list&quot;:[]}\">\n\t\t\t\t<div class=\"elementor-element elementor-element-a7282b6 elementor-widget elementor-widget-heading\" data-id=\"a7282b6\" data-element_type=\"widget\" data-e-type=\"widget\" data-widget_type=\"heading.default\">\n\t\t\t\t\t<span class=\"elementor-heading-title elementor-size-default\">narz\u0119dzia 3d<\/span>\t\t\t\t<\/div>\n\t\t\t\t<div class=\"elementor-element elementor-element-4b04d39 elementor-widget elementor-widget-heading\" data-id=\"4b04d39\" data-element_type=\"widget\" data-e-type=\"widget\" data-widget_type=\"heading.default\">\n\t\t\t\t\t<h2 class=\"elementor-heading-title elementor-size-default\">U\u0142atwiamy Ci projektowanie<\/h2>\t\t\t\t<\/div>\n\t\t\t\t<div class=\"elementor-element elementor-element-c37d2d6 elementor-widget__width-initial elementor-widget elementor-widget-text-editor\" data-id=\"c37d2d6\" data-element_type=\"widget\" data-e-type=\"widget\" data-widget_type=\"text-editor.default\">\n\t\t\t\t\t\t\t\t\t<p>Wiemy, \u017ce czas w projektowaniu ma znaczenie. Dlatego udost\u0119pniamy gotowe zasoby 3D i dokumentacj\u0119, by\u015b m\u00f3g\u0142:<\/p><ul><li>szybciej integrowa\u0107 urz\u0105dzenia X-GYM z projektem,<\/li><li>pracowa\u0107 na zawsze aktualnych plikach,<\/li><li>tworzy\u0107 sp\u00f3jne i funkcjonalne koncepcje przestrzeni.<\/li><\/ul>\t\t\t\t\t\t\t\t<\/div>\n\t\t\t\t<\/div>\n\t\t\t\t\t<\/div>\n\t\t\t\t<\/div>\n\t\t<div class=\"elementor-element elementor-element-45a7def e-flex e-con-boxed e-con e-parent\" data-id=\"45a7def\" data-element_type=\"container\" data-e-type=\"container\" data-settings=\"{&quot;jet_parallax_layout_list&quot;:[]}\">\n\t\t\t\t\t<div class=\"e-con-inner\">\n\t\t\t\t<div class=\"elementor-element elementor-element-3b04134 elementor-widget elementor-widget-html\" data-id=\"3b04134\" data-element_type=\"widget\" data-e-type=\"widget\" data-widget_type=\"html.default\">\n\t\t\t\t\t<!-- The code will work in the domain: x-gym.eu -->\n<script src=\"https:\/\/parkatlas.cloud.arlity.com\/architect_zone\/embed\/js\/Embed.min.js\" async type=\"module\" data-init=\"scroll\"><\/script>\t\t\t\t<\/div>\n\t\t\t\t\t<\/div>\n\t\t\t\t<\/div>\n\t\t<div class=\"elementor-element elementor-element-6cf3e47 e-flex e-con-boxed e-con e-parent\" data-id=\"6cf3e47\" data-element_type=\"container\" data-e-type=\"container\" data-settings=\"{&quot;jet_parallax_layout_list&quot;:[]}\">\n\t\t\t\t\t<div class=\"e-con-inner\">\n\t\t\t\t<div class=\"elementor-element elementor-element-d9b574e elementor-widget elementor-widget-template\" data-id=\"d9b574e\" data-element_type=\"widget\" data-e-type=\"widget\" data-widget_type=\"template.default\">\n\t\t\t\t<div class=\"elementor-widget-container\">\n\t\t\t\t\t\t\t<div class=\"elementor-template\">\n\t\t\t\t\t<div data-elementor-type=\"container\" data-elementor-id=\"401\" class=\"elementor elementor-401\" data-elementor-post-type=\"elementor_library\">\n\t\t\t\t<div class=\"elementor-element elementor-element-272d477 e-con-full e-flex e-con e-parent\" data-id=\"272d477\" data-element_type=\"container\" data-e-type=\"container\" data-settings=\"{&quot;jet_parallax_layout_list&quot;:[]}\">\n\t\t\t\t<div class=\"elementor-element elementor-element-51758a6 elementor-widget elementor-widget-heading\" data-id=\"51758a6\" data-element_type=\"widget\" data-e-type=\"widget\" data-widget_type=\"heading.default\">\n\t\t\t\t\t<h2 class=\"elementor-heading-title elementor-size-default\">Masz pytania?<\/h2>\t\t\t\t<\/div>\n\t\t\t\t<div class=\"elementor-element elementor-element-486f859 elementor-widget__width-initial elementor-hidden-mobile elementor-widget elementor-widget-text-editor\" data-id=\"486f859\" data-element_type=\"widget\" data-e-type=\"widget\" data-widget_type=\"text-editor.default\">\n\t\t\t\t\t\t\t\t\t<p>Potrzebujesz niestandardowego modelu lub indywidualnego rozwi\u0105zania? <br \/>Jeste\u015bmy do dyspozycji \u2013 od koncepcji po realizacj\u0119.<\/p>\t\t\t\t\t\t\t\t<\/div>\n\t\t\t\t<div class=\"elementor-element elementor-element-9524f90 elementor-widget__width-initial elementor-hidden-desktop elementor-hidden-tablet elementor-widget elementor-widget-text-editor\" data-id=\"9524f90\" data-element_type=\"widget\" data-e-type=\"widget\" data-widget_type=\"text-editor.default\">\n\t\t\t\t\t\t\t\t\t<p>Potrzebujesz niestandardowego modelu lub indywidualnego rozwi\u0105zania? Jeste\u015bmy do dyspozycji \u2013 od koncepcji po realizacj\u0119.<\/p>\t\t\t\t\t\t\t\t<\/div>\n\t\t\t\t<div class=\"elementor-element elementor-element-3a1987e elementor-align-justify elementor-widget__width-initial elementor-widget elementor-widget-button\" data-id=\"3a1987e\" data-element_type=\"widget\" data-e-type=\"widget\" data-widget_type=\"button.default\">\n\t\t\t\t\t\t\t\t\t\t<a class=\"elementor-button elementor-button-link elementor-size-sm\" href=\"https:\/\/x-gym.eu\/pl\/kontakt\/\">\n\t\t\t\t\t\t<span class=\"elementor-button-content-wrapper\">\n\t\t\t\t\t\t\t\t\t<span class=\"elementor-button-text\">Skontaktuj si\u0119 z nami<\/span>\n\t\t\t\t\t<\/span>\n\t\t\t\t\t<\/a>\n\t\t\t\t\t\t\t\t<\/div>\n\t\t\t\t<\/div>\n\t\t\t\t<\/div>\n\t\t\t\t<\/div>\n\t\t\t\t\t\t<\/div>\n\t\t\t\t<\/div>\n\t\t\t\t\t<\/div>\n\t\t\t\t<\/div>\n\t\t\t\t<\/div>\n\t\t","protected":false},"excerpt":{"rendered":"<p>Lubimy pracowa\u0107 z projektantami \u2013 cenimy ich wizj\u0119 i szanujemy ich czas. W Strefie Architekta udost\u0119pniamy narz\u0119dzia i materia\u0142y, kt\u00f3re pozwalaj\u0105 im dzia\u0142a\u0107 szybciej, efektywniej i z wi\u0119ksz\u0105 elastyczno\u015bci\u0105. 01 Modele CAD \/ 3D Pliki w popularnych formatach (DWG, DXF, OBJ, FBX i inne) gotowe do u\u017cycia w Twoim oprogramowaniu projektowym. 02 Karty techniczne i [&hellip;]<\/p>\n","protected":false},"author":1,"featured_media":0,"parent":0,"menu_order":3,"comment_status":"closed","ping_status":"closed","template":"","meta":{"footnotes":""},"class_list":["post-253","page","type-page","status-publish","hentry"],"_links":{"self":[{"href":"https:\/\/x-gym.eu\/pl\/wp-json\/wp\/v2\/pages\/253","targetHints":{"allow":["GET"]}}],"collection":[{"href":"https:\/\/x-gym.eu\/pl\/wp-json\/wp\/v2\/pages"}],"about":[{"href":"https:\/\/x-gym.eu\/pl\/wp-json\/wp\/v2\/types\/page"}],"author":[{"embeddable":true,"href":"https:\/\/x-gym.eu\/pl\/wp-json\/wp\/v2\/users\/1"}],"replies":[{"embeddable":true,"href":"https:\/\/x-gym.eu\/pl\/wp-json\/wp\/v2\/comments?post=253"}],"version-history":[{"count":5,"href":"https:\/\/x-gym.eu\/pl\/wp-json\/wp\/v2\/pages\/253\/revisions"}],"predecessor-version":[{"id":1712,"href":"https:\/\/x-gym.eu\/pl\/wp-json\/wp\/v2\/pages\/253\/revisions\/1712"}],"wp:attachment":[{"href":"https:\/\/x-gym.eu\/pl\/wp-json\/wp\/v2\/media?parent=253"}],"curies":[{"name":"wp","href":"https:\/\/api.w.org\/{rel}","templated":true}]}}